{"id":17,"date":"2016-10-16T18:47:02","date_gmt":"2016-10-16T18:47:02","guid":{"rendered":"http:\/\/magdalenagrande.com\/blog\/?page_id=17"},"modified":"2021-09-09T05:14:11","modified_gmt":"2021-09-09T05:14:11","slug":"contacto","status":"publish","type":"page","link":"https:\/\/magdalenagrande.com\/blog\/contacto\/","title":{"rendered":"Contacto"},"content":{"rendered":"<h2 class=\"titular verde\">Informaci\u00f3n de contacto<\/h2>\n<p>Si tienes alguna duda, pregunta o inquietud, o simplemente tienes ganas de hablar sobre alg\u00fan tema puedes encontrarme en:<\/p>\n<p><strong>Facebook: <\/strong><strong><a href=\"https:\/\/m.facebook.com\/profile.php?id=445519292653463&amp;ref=content_filter\">Personas altamente sensibles<\/a><\/strong><\/p>\n<p><strong>Instagram: <\/strong><a target=\"_blank\" rel=\"noopener\" href=\"https:\/\/www.instagram.com\/personas_altamente_sensibles\/\"><strong>@personas_altamente_sensibles<\/strong><\/a><\/p>\n<p><strong>Email:<\/strong> magdalenagrande@hotmail.com<\/p>\n<p><strong>Tel\u00e9fono:<\/strong> + 34 657 098 214<\/p>\n","protected":false},"excerpt":{"rendered":"<p>Informaci\u00f3n de contacto Si tienes alguna duda, pregunta o inquietud, o simplemente tienes ganas de hablar sobre alg\u00fan tema puedes encontrarme en: Facebook: Personas altamente sensibles Instagram: @personas_altamente_sensibles Email: magdalenagrande@hotmail.com Tel\u00e9fono: + 34 657 098 214<\/p>\n","protected":false},"author":1,"featured_media":0,"parent":0,"menu_order":0,"comment_status":"closed","ping_status":"closed","template":"","meta":{"sfsi_plus_gutenberg_text_before_share":"","sfsi_plus_gutenberg_show_text_before_share":"","sfsi_plus_gutenberg_icon_type":"","sfsi_plus_gutenberg_icon_alignemt":"","sfsi_plus_gutenburg_max_per_row":"","footnotes":""},"class_list":["post-17","page","type-page","status-publish","hentry"],"yoast_head":"<!-- This site is optimized with the Yoast SEO plugin v17.0 - https:\/\/yoast.com\/wordpress\/plugins\/seo\/ -->\n<title>Contacto del blog de Magdalena Grande - Psic\u00f3loga Palma<\/title>\n<meta name=\"description\" content=\"Si tiene alguna duda o tiene alg\u00fan comentario que a\u00f1adir puede utilizar este formulario de contacto y me pondr\u00e9 en contacto con usted lo antes posible.\" \/>\n<meta name=\"robots\" content=\"index, follow, max-snippet:-1, max-image-preview:large, max-video-preview:-1\" \/>\n<link rel=\"canonical\" href=\"https:\/\/magdalenagrande.com\/blog\/contacto\/\" \/>\n<meta property=\"og:locale\" content=\"es_ES\" \/>\n<meta property=\"og:type\" content=\"article\" \/>\n<meta property=\"og:title\" content=\"Contacto del blog de Magdalena Grande - Psic\u00f3loga Palma\" \/>\n<meta property=\"og:description\" content=\"Si tiene alguna duda o tiene alg\u00fan comentario que a\u00f1adir puede utilizar este formulario de contacto y me pondr\u00e9 en contacto con usted lo antes posible.\" \/>\n<meta property=\"og:url\" content=\"https:\/\/magdalenagrande.com\/blog\/contacto\/\" \/>\n<meta property=\"og:site_name\" content=\"Blog de Magdalena Grande\" \/>\n<meta property=\"article:modified_time\" content=\"2021-09-09T05:14:11+00:00\" \/>\n<meta name=\"twitter:card\" content=\"summary\" \/>\n<script type=\"application\/ld+json\" class=\"yoast-schema-graph\">{\"@context\":\"https:\/\/schema.org\",\"@graph\":[{\"@type\":\"WebSite\",\"@id\":\"https:\/\/magdalenagrande.com\/blog\/#website\",\"url\":\"https:\/\/magdalenagrande.com\/blog\/\",\"name\":\"Blog de Magdalena Grande\",\"description\":\"Crecimiento personal, alta sensibilidad y educaci\\u00f3n emocional\",\"potentialAction\":[{\"@type\":\"SearchAction\",\"target\":{\"@type\":\"EntryPoint\",\"urlTemplate\":\"https:\/\/magdalenagrande.com\/blog\/?s={search_term_string}\"},\"query-input\":\"required name=search_term_string\"}],\"inLanguage\":\"es\"},{\"@type\":\"WebPage\",\"@id\":\"https:\/\/magdalenagrande.com\/blog\/contacto\/#webpage\",\"url\":\"https:\/\/magdalenagrande.com\/blog\/contacto\/\",\"name\":\"Contacto del blog de Magdalena Grande - Psic\\u00f3loga Palma\",\"isPartOf\":{\"@id\":\"https:\/\/magdalenagrande.com\/blog\/#website\"},\"datePublished\":\"2016-10-16T18:47:02+00:00\",\"dateModified\":\"2021-09-09T05:14:11+00:00\",\"description\":\"Si tiene alguna duda o tiene alg\\u00fan comentario que a\\u00f1adir puede utilizar este formulario de contacto y me pondr\\u00e9 en contacto con usted lo antes posible.\",\"breadcrumb\":{\"@id\":\"https:\/\/magdalenagrande.com\/blog\/contacto\/#breadcrumb\"},\"inLanguage\":\"es\",\"potentialAction\":[{\"@type\":\"ReadAction\",\"target\":[\"https:\/\/magdalenagrande.com\/blog\/contacto\/\"]}]},{\"@type\":\"BreadcrumbList\",\"@id\":\"https:\/\/magdalenagrande.com\/blog\/contacto\/#breadcrumb\",\"itemListElement\":[{\"@type\":\"ListItem\",\"position\":1,\"name\":\"Portada\",\"item\":\"https:\/\/magdalenagrande.com\/blog\/\"},{\"@type\":\"ListItem\",\"position\":2,\"name\":\"Contacto\"}]}]}<\/script>\n<!-- \/ Yoast SEO plugin. -->","yoast_head_json":{"title":"Contacto del blog de Magdalena Grande - Psic\u00f3loga Palma","description":"Si tiene alguna duda o tiene alg\u00fan comentario que a\u00f1adir puede utilizar este formulario de contacto y me pondr\u00e9 en contacto con usted lo antes posible.","robots":{"index":"index","follow":"follow","max-snippet":"max-snippet:-1","max-image-preview":"max-image-preview:large","max-video-preview":"max-video-preview:-1"},"canonical":"https:\/\/magdalenagrande.com\/blog\/contacto\/","og_locale":"es_ES","og_type":"article","og_title":"Contacto del blog de Magdalena Grande - Psic\u00f3loga Palma","og_description":"Si tiene alguna duda o tiene alg\u00fan comentario que a\u00f1adir puede utilizar este formulario de contacto y me pondr\u00e9 en contacto con usted lo antes posible.","og_url":"https:\/\/magdalenagrande.com\/blog\/contacto\/","og_site_name":"Blog de Magdalena Grande","article_modified_time":"2021-09-09T05:14:11+00:00","twitter_card":"summary","schema":{"@context":"https:\/\/schema.org","@graph":[{"@type":"WebSite","@id":"https:\/\/magdalenagrande.com\/blog\/#website","url":"https:\/\/magdalenagrande.com\/blog\/","name":"Blog de Magdalena Grande","description":"Crecimiento personal, alta sensibilidad y educaci\u00f3n emocional","potentialAction":[{"@type":"SearchAction","target":{"@type":"EntryPoint","urlTemplate":"https:\/\/magdalenagrande.com\/blog\/?s={search_term_string}"},"query-input":"required name=search_term_string"}],"inLanguage":"es"},{"@type":"WebPage","@id":"https:\/\/magdalenagrande.com\/blog\/contacto\/#webpage","url":"https:\/\/magdalenagrande.com\/blog\/contacto\/","name":"Contacto del blog de Magdalena Grande - Psic\u00f3loga Palma","isPartOf":{"@id":"https:\/\/magdalenagrande.com\/blog\/#website"},"datePublished":"2016-10-16T18:47:02+00:00","dateModified":"2021-09-09T05:14:11+00:00","description":"Si tiene alguna duda o tiene alg\u00fan comentario que a\u00f1adir puede utilizar este formulario de contacto y me pondr\u00e9 en contacto con usted lo antes posible.","breadcrumb":{"@id":"https:\/\/magdalenagrande.com\/blog\/contacto\/#breadcrumb"},"inLanguage":"es","potentialAction":[{"@type":"ReadAction","target":["https:\/\/magdalenagrande.com\/blog\/contacto\/"]}]},{"@type":"BreadcrumbList","@id":"https:\/\/magdalenagrande.com\/blog\/contacto\/#breadcrumb","itemListElement":[{"@type":"ListItem","position":1,"name":"Portada","item":"https:\/\/magdalenagrande.com\/blog\/"},{"@type":"ListItem","position":2,"name":"Contacto"}]}]}},"_links":{"self":[{"href":"https:\/\/magdalenagrande.com\/blog\/wp-json\/wp\/v2\/pages\/17","targetHints":{"allow":["GET"]}}],"collection":[{"href":"https:\/\/magdalenagrande.com\/blog\/wp-json\/wp\/v2\/pages"}],"about":[{"href":"https:\/\/magdalenagrande.com\/blog\/wp-json\/wp\/v2\/types\/page"}],"author":[{"embeddable":true,"href":"https:\/\/magdalenagrande.com\/blog\/wp-json\/wp\/v2\/users\/1"}],"replies":[{"embeddable":true,"href":"https:\/\/magdalenagrande.com\/blog\/wp-json\/wp\/v2\/comments?post=17"}],"version-history":[{"count":10,"href":"https:\/\/magdalenagrande.com\/blog\/wp-json\/wp\/v2\/pages\/17\/revisions"}],"predecessor-version":[{"id":420,"href":"https:\/\/magdalenagrande.com\/blog\/wp-json\/wp\/v2\/pages\/17\/revisions\/420"}],"wp:attachment":[{"href":"https:\/\/magdalenagrande.com\/blog\/wp-json\/wp\/v2\/media?parent=17"}],"curies":[{"name":"wp","href":"https:\/\/api.w.org\/{rel}","templated":true}]}}